{"id":1447,"date":"2020-12-19T03:33:32","date_gmt":"2020-12-19T03:33:32","guid":{"rendered":"https:\/\/elecciones2021.participacionciudadana.org\/elecciones2021\/?page_id=1447"},"modified":"2021-01-11T14:56:00","modified_gmt":"2021-01-11T14:56:00","slug":"simulador-electoral","status":"publish","type":"page","link":"https:\/\/elecciones2021.participacionciudadana.org\/elecciones2021\/simulador-electoral\/","title":{"rendered":"Simulador Electoral"},"content":{"rendered":"\t\t<div data-elementor-type=\"wp-page\" data-elementor-id=\"1447\" class=\"elementor elementor-1447\">\n\t\t\t\t\t\t<section class=\"elementor-section elementor-top-section elementor-element elementor-element-4e0e542 elementor-section-boxed elementor-section-height-default elementor-section-height-default\" data-id=\"4e0e542\" data-element_type=\"section\">\n\t\t\t\t\t\t<div class=\"elementor-container elementor-column-gap-default\">\n\t\t\t\t\t<div class=\"elementor-column elementor-col-100 elementor-top-column elementor-element elementor-element-5bfdc39\" data-id=\"5bfdc39\" data-element_type=\"column\">\n\t\t\t<div class=\"elementor-widget-wrap elementor-element-populated\">\n\t\t\t\t\t\t<div class=\"elementor-element elementor-element-87d1f52 elementor-widget elementor-widget-heading\" data-id=\"87d1f52\" data-element_type=\"widget\" data-widget_type=\"heading.default\">\n\t\t\t\t<div class=\"elementor-widget-container\">\n\t\t\t\t\t<h2 class=\"elementor-heading-title elementor-size-default\">Simulador electoral<\/h2>\t\t\t\t<\/div>\n\t\t\t\t<\/div>\n\t\t\t\t\t<\/div>\n\t\t<\/div>\n\t\t\t\t\t<\/div>\n\t\t<\/section>\n\t\t\t\t<section class=\"elementor-section elementor-top-section elementor-element elementor-element-22a921f elementor-section-boxed elementor-section-height-default elementor-section-height-default\" data-id=\"22a921f\" data-element_type=\"section\">\n\t\t\t\t\t\t<div class=\"elementor-container elementor-column-gap-default\">\n\t\t\t\t\t<div class=\"elementor-column elementor-col-100 elementor-top-column elementor-element elementor-element-b81fe83\" data-id=\"b81fe83\" data-element_type=\"column\">\n\t\t\t<div class=\"elementor-widget-wrap elementor-element-populated\">\n\t\t\t\t\t\t<div class=\"elementor-element elementor-element-804c423 elementor-widget elementor-widget-text-editor\" data-id=\"804c423\" data-element_type=\"widget\" data-widget_type=\"text-editor.default\">\n\t\t\t\t<div class=\"elementor-widget-container\">\n\t\t\t\t\t\t\t\t\t<p>Esta herramienta permite hacer un an\u00e1lisis sobre una eventual composici\u00f3n de la nueva Asamblea Nacional 2021. Asigna posibles curules, mediante el m\u00e9todo de Webster, tanto para Asamble\u00edstas Nacionales, Provinciales, de Circunscripciones y del Exterior, a partir de resultados hist\u00f3ricos de las elecciones 2002- 2017 proyectados hacia 2021. Ofrece posibles escenarios, pero\u00a0<b>NO predice datos definitivos ni oficiales<\/b>.<\/p>\t\t\t\t\t\t\t\t<\/div>\n\t\t\t\t<\/div>\n\t\t\t\t\t<\/div>\n\t\t<\/div>\n\t\t\t\t\t<\/div>\n\t\t<\/section>\n\t\t\t\t<section class=\"elementor-section elementor-top-section elementor-element elementor-element-9317807 elementor-section-boxed elementor-section-height-default elementor-section-height-default\" data-id=\"9317807\" data-element_type=\"section\">\n\t\t\t\t\t\t<div class=\"elementor-container elementor-column-gap-default\">\n\t\t\t\t\t<div class=\"elementor-column elementor-col-33 elementor-top-column elementor-element elementor-element-4d7d92e\" data-id=\"4d7d92e\" data-element_type=\"column\">\n\t\t\t<div class=\"elementor-widget-wrap elementor-element-populated\">\n\t\t\t\t\t\t<div class=\"elementor-element elementor-element-2ba7b7c elementor-widget elementor-widget-image\" data-id=\"2ba7b7c\" data-element_type=\"widget\" data-widget_type=\"image.default\">\n\t\t\t\t<div class=\"elementor-widget-container\">\n\t\t\t\t\t\t\t\t\t\t\t\t\t\t\t\t<a href=\"https:\/\/elecciones2021.participacionciudadana.org\/elecciones2021\/wp-content\/uploads\/2021\/01\/Simulador-Asamblea-Nacional-2021_PDF-1.pdf\" target=\"_blank\">\n\t\t\t\t\t\t\t<img decoding=\"async\" src=\"https:\/\/elecciones2021.participacionciudadana.org\/elecciones2021\/wp-content\/uploads\/elementor\/thumbs\/congress-icon-8-p17o5hq7qxk46hdi1m2lbzm3b0nla2l28bl6hojnyg.png\" title=\"congress-icon-8\" alt=\"congress-icon-8\" loading=\"lazy\" \/>\t\t\t\t\t\t\t\t<\/a>\n\t\t\t\t\t\t\t\t\t\t\t\t\t\t\t<\/div>\n\t\t\t\t<\/div>\n\t\t\t\t\t<\/div>\n\t\t<\/div>\n\t\t\t\t<div class=\"elementor-column elementor-col-66 elementor-top-column elementor-element elementor-element-821944b\" data-id=\"821944b\" data-element_type=\"column\">\n\t\t\t<div class=\"elementor-widget-wrap elementor-element-populated\">\n\t\t\t\t\t\t<div class=\"elementor-element elementor-element-44cc953 elementor-widget elementor-widget-heading\" data-id=\"44cc953\" data-element_type=\"widget\" data-widget_type=\"heading.default\">\n\t\t\t\t<div class=\"elementor-widget-container\">\n\t\t\t\t\t<h3 class=\"elementor-heading-title elementor-size-default\"><a href=\"https:\/\/elecciones2021.participacionciudadana.org\/elecciones2021\/wp-content\/uploads\/2021\/01\/Simulador-Asamblea-Nacional-2021_PDF-1.pdf\" target=\"_blank\">Ir al simulador electoral<\/a><\/h3>\t\t\t\t<\/div>\n\t\t\t\t<\/div>\n\t\t\t\t\t<\/div>\n\t\t<\/div>\n\t\t\t\t\t<\/div>\n\t\t<\/section>\n\t\t\t\t<\/div>\n\t\t","protected":false},"excerpt":{"rendered":"<p>Simulador electoral Esta herramienta permite hacer un an\u00e1lisis sobre una eventual composici\u00f3n de la nueva Asamblea Nacional 2021. Asigna posibles curules, mediante el m\u00e9todo de Webster, tanto para Asamble\u00edstas Nacionales, Provinciales, de Circunscripciones y del Exterior, a partir de resultados hist\u00f3ricos de las elecciones 2002- 2017 proyectados hacia 2021. Ofrece posibles escenarios, pero\u00a0NO predice datos [&hellip;]<\/p>\n","protected":false},"author":1,"featured_media":0,"parent":0,"menu_order":0,"comment_status":"closed","ping_status":"closed","template":"","meta":{"site-sidebar-layout":"no-sidebar","site-content-layout":"page-builder","ast-site-content-layout":"default","site-content-style":"default","site-sidebar-style":"default","ast-global-header-display":"","ast-banner-title-visibility":"","ast-main-header-display":"","ast-hfb-above-header-display":"","ast-hfb-below-header-display":"","ast-hfb-mobile-header-display":"","site-post-title":"disabled","ast-breadcrumbs-content":"","ast-featured-img":"disabled","footer-sml-layout":"","theme-transparent-header-meta":"default","adv-header-id-meta":"","stick-header-meta":"","header-above-stick-meta":"","header-main-stick-meta":"","header-below-stick-meta":"","astra-migrate-meta-layouts":"default","ast-page-background-enabled":"default","ast-page-background-meta":{"desktop":{"background-color":"","background-image":"","background-repeat":"repeat","background-position":"center center","background-size":"auto","background-attachment":"scroll","background-type":"","background-media":"","overlay-type":"","overlay-color":"","overlay-opacity":"","overlay-gradient":""},"tablet":{"background-color":"","background-image":"","background-repeat":"repeat","background-position":"center center","background-size":"auto","background-attachment":"scroll","background-type":"","background-media":"","overlay-type":"","overlay-color":"","overlay-opacity":"","overlay-gradient":""},"mobile":{"background-color":"","background-image":"","background-repeat":"repeat","background-position":"center center","background-size":"auto","background-attachment":"scroll","background-type":"","background-media":"","overlay-type":"","overlay-color":"","overlay-opacity":"","overlay-gradient":""}},"ast-content-background-meta":{"desktop":{"background-color":"var(--ast-global-color-5)","background-image":"","background-repeat":"repeat","background-position":"center center","background-size":"auto","background-attachment":"scroll","background-type":"","background-media":"","overlay-type":"","overlay-color":"","overlay-opacity":"","overlay-gradient":""},"tablet":{"background-color":"var(--ast-global-color-5)","background-image":"","background-repeat":"repeat","background-position":"center center","background-size":"auto","background-attachment":"scroll","background-type":"","background-media":"","overlay-type":"","overlay-color":"","overlay-opacity":"","overlay-gradient":""},"mobile":{"background-color":"var(--ast-global-color-5)","background-image":"","background-repeat":"repeat","background-position":"center center","background-size":"auto","background-attachment":"scroll","background-type":"","background-media":"","overlay-type":"","overlay-color":"","overlay-opacity":"","overlay-gradient":""}},"footnotes":""},"class_list":["post-1447","page","type-page","status-publish","hentry"],"_links":{"self":[{"href":"https:\/\/elecciones2021.participacionciudadana.org\/elecciones2021\/wp-json\/wp\/v2\/pages\/1447","targetHints":{"allow":["GET"]}}],"collection":[{"href":"https:\/\/elecciones2021.participacionciudadana.org\/elecciones2021\/wp-json\/wp\/v2\/pages"}],"about":[{"href":"https:\/\/elecciones2021.participacionciudadana.org\/elecciones2021\/wp-json\/wp\/v2\/types\/page"}],"author":[{"embeddable":true,"href":"https:\/\/elecciones2021.participacionciudadana.org\/elecciones2021\/wp-json\/wp\/v2\/users\/1"}],"replies":[{"embeddable":true,"href":"https:\/\/elecciones2021.participacionciudadana.org\/elecciones2021\/wp-json\/wp\/v2\/comments?post=1447"}],"version-history":[{"count":4,"href":"https:\/\/elecciones2021.participacionciudadana.org\/elecciones2021\/wp-json\/wp\/v2\/pages\/1447\/revisions"}],"predecessor-version":[{"id":3402,"href":"https:\/\/elecciones2021.participacionciudadana.org\/elecciones2021\/wp-json\/wp\/v2\/pages\/1447\/revisions\/3402"}],"wp:attachment":[{"href":"https:\/\/elecciones2021.participacionciudadana.org\/elecciones2021\/wp-json\/wp\/v2\/media?parent=1447"}],"curies":[{"name":"wp","href":"https:\/\/api.w.org\/{rel}","templated":true}]}}