{"id":1445,"date":"2020-12-19T03:33:06","date_gmt":"2020-12-19T03:33:06","guid":{"rendered":"https:\/\/elecciones2021.participacionciudadana.org\/elecciones2021\/?page_id=1445"},"modified":"2021-01-21T21:15:19","modified_gmt":"2021-01-21T21:15:19","slug":"mapa-electoral","status":"publish","type":"page","link":"https:\/\/elecciones2021.participacionciudadana.org\/elecciones2021\/mapa-electoral\/","title":{"rendered":"Mapa Electoral"},"content":{"rendered":"\t\t<div data-elementor-type=\"wp-page\" data-elementor-id=\"1445\" class=\"elementor elementor-1445\">\n\t\t\t\t\t\t<section class=\"elementor-section elementor-top-section elementor-element elementor-element-c1d6d1a elementor-section-boxed elementor-section-height-default elementor-section-height-default\" data-id=\"c1d6d1a\" data-element_type=\"section\">\n\t\t\t\t\t\t<div class=\"elementor-container elementor-column-gap-default\">\n\t\t\t\t\t<div class=\"elementor-column elementor-col-100 elementor-top-column elementor-element elementor-element-898f7da\" data-id=\"898f7da\" data-element_type=\"column\">\n\t\t\t<div class=\"elementor-widget-wrap elementor-element-populated\">\n\t\t\t\t\t\t<div class=\"elementor-element elementor-element-6a54f4b elementor-widget elementor-widget-heading\" data-id=\"6a54f4b\" data-element_type=\"widget\" data-widget_type=\"heading.default\">\n\t\t\t\t<div class=\"elementor-widget-container\">\n\t\t\t\t\t<h3 class=\"elementor-heading-title elementor-size-default\">Mapa electoral<\/h3>\t\t\t\t<\/div>\n\t\t\t\t<\/div>\n\t\t\t\t\t<\/div>\n\t\t<\/div>\n\t\t\t\t\t<\/div>\n\t\t<\/section>\n\t\t\t\t<section class=\"elementor-section elementor-top-section elementor-element elementor-element-a863652 elementor-section-boxed elementor-section-height-default elementor-section-height-default\" data-id=\"a863652\" data-element_type=\"section\">\n\t\t\t\t\t\t<div class=\"elementor-container elementor-column-gap-default\">\n\t\t\t\t\t<div class=\"elementor-column elementor-col-33 elementor-top-column elementor-element elementor-element-dda5fd4\" data-id=\"dda5fd4\" data-element_type=\"column\">\n\t\t\t<div class=\"elementor-widget-wrap elementor-element-populated\">\n\t\t\t\t\t\t<div class=\"elementor-element elementor-element-ecbd0a7 elementor-widget elementor-widget-html\" data-id=\"ecbd0a7\" data-element_type=\"widget\" data-widget_type=\"html.default\">\n\t\t\t\t<div class=\"elementor-widget-container\">\n\t\t\t\t\t<script src=\"https:\/\/elecciones2021.participacionciudadana.org\/elecciones2021\/countrymap_galapagos-6.js\"><\/script>\r\n<script src=\"https:\/\/elecciones2021.participacionciudadana.org\/elecciones2021\/mapdata_galapagos-4.js\"><\/script>\t\r\n<script type='text\/javascript'>\t\r\n\tvar map1=simplemaps_countrymap.create();\r\n<\/script>\r\n<script src=\"https:\/\/elecciones2021.participacionciudadana.org\/elecciones2021\/mapdata_galapagos4.js\"><\/script>\r\n\t\r\n<script type='text\/javascript'>\t\r\n\tvar map2=simplemaps_countrymap.create();\r\n<\/script>\t\t\t\t<\/div>\n\t\t\t\t<\/div>\n\t\t\t\t<div class=\"elementor-element elementor-element-f96522c elementor-hidden-tablet elementor-hidden-phone elementor-widget elementor-widget-html\" data-id=\"f96522c\" data-element_type=\"widget\" id=\"map1\" data-widget_type=\"html.default\">\n\t\t\t\t<div class=\"elementor-widget-container\">\n\t\t\t\t\t<br\/>\t\t\t\t<\/div>\n\t\t\t\t<\/div>\n\t\t\t\t<div class=\"elementor-element elementor-element-fd54c76 elementor-widget elementor-widget-text-editor\" data-id=\"fd54c76\" data-element_type=\"widget\" data-widget_type=\"text-editor.default\">\n\t\t\t\t<div class=\"elementor-widget-container\">\n\t\t\t\t\t\t\t\t\t<p><strong>Este mapa electoral es una herramienta digital din\u00e1mica con informaci\u00f3n electoral relevante a nivel nacional y provincial desde el 2009 al 2019 que contribuir\u00e1 a su an\u00e1lisis sobre los cambios de la pol\u00edtica ecuatoriana en diferentes categor\u00edas.<\/strong><\/p>\t\t\t\t\t\t\t\t<\/div>\n\t\t\t\t<\/div>\n\t\t\t\t\t<\/div>\n\t\t<\/div>\n\t\t\t\t<div class=\"elementor-column elementor-col-66 elementor-top-column elementor-element elementor-element-d6ca21d\" data-id=\"d6ca21d\" data-element_type=\"column\">\n\t\t\t<div class=\"elementor-widget-wrap elementor-element-populated\">\n\t\t\t\t\t\t<div class=\"elementor-element elementor-element-6df292c elementor-widget elementor-widget-text-editor\" data-id=\"6df292c\" data-element_type=\"widget\" data-widget_type=\"text-editor.default\">\n\t\t\t\t<div class=\"elementor-widget-container\">\n\t\t\t\t\t\t\t\t\t<div id=\"map\"><\/div>\t\t\t\t\t\t\t\t<\/div>\n\t\t\t\t<\/div>\n\t\t\t\t\t<\/div>\n\t\t<\/div>\n\t\t\t\t\t<\/div>\n\t\t<\/section>\n\t\t\t\t<section class=\"elementor-section elementor-top-section elementor-element elementor-element-fd7b3e6 elementor-section-boxed elementor-section-height-default elementor-section-height-default\" data-id=\"fd7b3e6\" data-element_type=\"section\">\n\t\t\t\t\t\t<div class=\"elementor-container elementor-column-gap-default\">\n\t\t\t\t\t<div class=\"elementor-column elementor-col-100 elementor-top-column elementor-element elementor-element-6fac8fa\" data-id=\"6fac8fa\" data-element_type=\"column\">\n\t\t\t<div class=\"elementor-widget-wrap elementor-element-populated\">\n\t\t\t\t\t\t\t<\/div>\n\t\t<\/div>\n\t\t\t\t\t<\/div>\n\t\t<\/section>\n\t\t\t\t<section class=\"elementor-section elementor-top-section elementor-element elementor-element-6172597 elementor-section-boxed elementor-section-height-default elementor-section-height-default\" data-id=\"6172597\" data-element_type=\"section\">\n\t\t\t\t\t\t<div class=\"elementor-container elementor-column-gap-default\">\n\t\t\t\t\t<div class=\"elementor-column elementor-col-100 elementor-top-column elementor-element elementor-element-757af64\" data-id=\"757af64\" data-element_type=\"column\">\n\t\t\t<div class=\"elementor-widget-wrap elementor-element-populated\">\n\t\t\t\t\t\t<div class=\"elementor-element elementor-element-5d3cec9 elementor-hidden-desktop elementor-widget elementor-widget-html\" data-id=\"5d3cec9\" data-element_type=\"widget\" id=\"map2\" data-widget_type=\"html.default\">\n\t\t\t\t<div class=\"elementor-widget-container\">\n\t\t\t\t\tIslas Gal\u00e1pagos\t\t\t\t<\/div>\n\t\t\t\t<\/div>\n\t\t\t\t\t<\/div>\n\t\t<\/div>\n\t\t\t\t\t<\/div>\n\t\t<\/section>\n\t\t\t\t<section class=\"elementor-section elementor-top-section elementor-element elementor-element-332ebe0 elementor-section-boxed elementor-section-height-default elementor-section-height-default\" data-id=\"332ebe0\" data-element_type=\"section\">\n\t\t\t\t\t\t<div class=\"elementor-container elementor-column-gap-default\">\n\t\t\t\t\t<div class=\"elementor-column elementor-col-100 elementor-top-column elementor-element elementor-element-0a7680d\" data-id=\"0a7680d\" data-element_type=\"column\">\n\t\t\t<div class=\"elementor-widget-wrap elementor-element-populated\">\n\t\t\t\t\t\t\t<\/div>\n\t\t<\/div>\n\t\t\t\t\t<\/div>\n\t\t<\/section>\n\t\t\t\t<\/div>\n\t\t","protected":false},"excerpt":{"rendered":"<p>Mapa electoral Este mapa electoral es una herramienta digital din\u00e1mica con informaci\u00f3n electoral relevante a nivel nacional y provincial desde el 2009 al 2019 que contribuir\u00e1 a su an\u00e1lisis sobre los cambios de la pol\u00edtica ecuatoriana en diferentes categor\u00edas. Islas Gal\u00e1pagos<\/p>\n","protected":false},"author":1,"featured_media":0,"parent":0,"menu_order":0,"comment_status":"closed","ping_status":"closed","template":"","meta":{"site-sidebar-layout":"no-sidebar","site-content-layout":"page-builder","ast-site-content-layout":"default","site-content-style":"default","site-sidebar-style":"default","ast-global-header-display":"","ast-banner-title-visibility":"","ast-main-header-display":"","ast-hfb-above-header-display":"","ast-hfb-below-header-display":"","ast-hfb-mobile-header-display":"","site-post-title":"disabled","ast-breadcrumbs-content":"","ast-featured-img":"disabled","footer-sml-layout":"","theme-transparent-header-meta":"default","adv-header-id-meta":"","stick-header-meta":"","header-above-stick-meta":"","header-main-stick-meta":"","header-below-stick-meta":"","astra-migrate-meta-layouts":"default","ast-page-background-enabled":"default","ast-page-background-meta":{"desktop":{"background-color":"","background-image":"","background-repeat":"repeat","background-position":"center center","background-size":"auto","background-attachment":"scroll","background-type":"","background-media":"","overlay-type":"","overlay-color":"","overlay-opacity":"","overlay-gradient":""},"tablet":{"background-color":"","background-image":"","background-repeat":"repeat","background-position":"center center","background-size":"auto","background-attachment":"scroll","background-type":"","background-media":"","overlay-type":"","overlay-color":"","overlay-opacity":"","overlay-gradient":""},"mobile":{"background-color":"","background-image":"","background-repeat":"repeat","background-position":"center center","background-size":"auto","background-attachment":"scroll","background-type":"","background-media":"","overlay-type":"","overlay-color":"","overlay-opacity":"","overlay-gradient":""}},"ast-content-background-meta":{"desktop":{"background-color":"var(--ast-global-color-5)","background-image":"","background-repeat":"repeat","background-position":"center center","background-size":"auto","background-attachment":"scroll","background-type":"","background-media":"","overlay-type":"","overlay-color":"","overlay-opacity":"","overlay-gradient":""},"tablet":{"background-color":"var(--ast-global-color-5)","background-image":"","background-repeat":"repeat","background-position":"center center","background-size":"auto","background-attachment":"scroll","background-type":"","background-media":"","overlay-type":"","overlay-color":"","overlay-opacity":"","overlay-gradient":""},"mobile":{"background-color":"var(--ast-global-color-5)","background-image":"","background-repeat":"repeat","background-position":"center center","background-size":"auto","background-attachment":"scroll","background-type":"","background-media":"","overlay-type":"","overlay-color":"","overlay-opacity":"","overlay-gradient":""}},"footnotes":""},"class_list":["post-1445","page","type-page","status-publish","hentry"],"_links":{"self":[{"href":"https:\/\/elecciones2021.participacionciudadana.org\/elecciones2021\/wp-json\/wp\/v2\/pages\/1445","targetHints":{"allow":["GET"]}}],"collection":[{"href":"https:\/\/elecciones2021.participacionciudadana.org\/elecciones2021\/wp-json\/wp\/v2\/pages"}],"about":[{"href":"https:\/\/elecciones2021.participacionciudadana.org\/elecciones2021\/wp-json\/wp\/v2\/types\/page"}],"author":[{"embeddable":true,"href":"https:\/\/elecciones2021.participacionciudadana.org\/elecciones2021\/wp-json\/wp\/v2\/users\/1"}],"replies":[{"embeddable":true,"href":"https:\/\/elecciones2021.participacionciudadana.org\/elecciones2021\/wp-json\/wp\/v2\/comments?post=1445"}],"version-history":[{"count":167,"href":"https:\/\/elecciones2021.participacionciudadana.org\/elecciones2021\/wp-json\/wp\/v2\/pages\/1445\/revisions"}],"predecessor-version":[{"id":5459,"href":"https:\/\/elecciones2021.participacionciudadana.org\/elecciones2021\/wp-json\/wp\/v2\/pages\/1445\/revisions\/5459"}],"wp:attachment":[{"href":"https:\/\/elecciones2021.participacionciudadana.org\/elecciones2021\/wp-json\/wp\/v2\/media?parent=1445"}],"curies":[{"name":"wp","href":"https:\/\/api.w.org\/{rel}","templated":true}]}}